{"id":524,"date":"2025-04-07T17:54:37","date_gmt":"2025-04-07T17:54:37","guid":{"rendered":"https:\/\/www.escargotvino.com\/?product=jus-de-raisin-cabernet-franc-33-cl"},"modified":"2025-04-07T17:56:21","modified_gmt":"2025-04-07T17:56:21","slug":"jus-de-raisin-cabernet-franc-33-cl","status":"publish","type":"product","link":"https:\/\/www.escargotvino.com\/?product=jus-de-raisin-cabernet-franc-33-cl","title":{"rendered":"Jus de raisin cabernet franc 33 cl"},"content":{"rendered":"<p>R\u00e9colt\u00e9 un peu pr\u00e9cocement pour abaisser  la sucrosit\u00e9.<\/p>\n<p>Format petite bout. sympa.<\/p>\n","protected":false},"excerpt":{"rendered":"<p>R\u00e9colt\u00e9 un peu pr\u00e9cocement pour abaisser la sucrosit\u00e9. Format petite bout. sympa.<\/p>\n","protected":false},"featured_media":523,"comment_status":"open","ping_status":"closed","template":"","meta":[],"product_brand":[],"product_cat":[50,28,41,31,18,48],"product_tag":[],"class_list":{"0":"post-524","1":"product","2":"type-product","3":"status-publish","4":"has-post-thumbnail","6":"product_cat-demi-sec","7":"product_cat-floral","8":"product_cat-fruite","9":"product_cat-fruits-rouges","10":"product_cat-non-classe","11":"product_cat-rond","13":"first","14":"instock","15":"sale","16":"taxable","17":"shipping-taxable","18":"purchasable","19":"product-type-simple"},"jetpack_sharing_enabled":true,"_links":{"self":[{"href":"https:\/\/www.escargotvino.com\/index.php?rest_route=\/wp\/v2\/product\/524","targetHints":{"allow":["GET"]}}],"collection":[{"href":"https:\/\/www.escargotvino.com\/index.php?rest_route=\/wp\/v2\/product"}],"about":[{"href":"https:\/\/www.escargotvino.com\/index.php?rest_route=\/wp\/v2\/types\/product"}],"replies":[{"embeddable":true,"href":"https:\/\/www.escargotvino.com\/index.php?rest_route=%2Fwp%2Fv2%2Fcomments&post=524"}],"wp:featuredmedia":[{"embeddable":true,"href":"https:\/\/www.escargotvino.com\/index.php?rest_route=\/wp\/v2\/media\/523"}],"wp:attachment":[{"href":"https:\/\/www.escargotvino.com\/index.php?rest_route=%2Fwp%2Fv2%2Fmedia&parent=524"}],"wp:term":[{"taxonomy":"product_brand","embeddable":true,"href":"https:\/\/www.escargotvino.com\/index.php?rest_route=%2Fwp%2Fv2%2Fproduct_brand&post=524"},{"taxonomy":"product_cat","embeddable":true,"href":"https:\/\/www.escargotvino.com\/index.php?rest_route=%2Fwp%2Fv2%2Fproduct_cat&post=524"},{"taxonomy":"product_tag","embeddable":true,"href":"https:\/\/www.escargotvino.com\/index.php?rest_route=%2Fwp%2Fv2%2Fproduct_tag&post=524"}],"curies":[{"name":"wp","href":"https:\/\/api.w.org\/{rel}","templated":true}]}}