{"id":519,"date":"2025-04-06T17:53:15","date_gmt":"2025-04-06T17:53:15","guid":{"rendered":"https:\/\/www.escargotvino.com\/?product=chablis-bio-mineral-croix-des-moines-2022"},"modified":"2025-04-06T17:54:03","modified_gmt":"2025-04-06T17:54:03","slug":"chablis-bio-mineral-croix-des-moines-2022","status":"publish","type":"product","link":"https:\/\/www.escargotvino.com\/?product=chablis-bio-mineral-croix-des-moines-2022","title":{"rendered":"Chablis bio Min\u00e9ral &#8211; Croix des Moines 2022"},"content":{"rendered":"<p>Domaine Pommier un des rares en bio sur l&rsquo;appellation. Cette cuv\u00e9e parcellaire exprime tr\u00e8s bien la fra\u00eecheur du calcaire Kimm\u00e9ridgien (concr\u00e9tion d&rsquo;hu\u00eetres) et ses notes iod\u00e9es.<\/p>\n<p>Un must.<\/p>\n","protected":false},"excerpt":{"rendered":"<p>Domaine Pommier un des rares en bio sur l&rsquo;appellation. Cette cuv\u00e9e parcellaire exprime tr\u00e8s bien la fra\u00eecheur du calcaire Kimm\u00e9ridgien (concr\u00e9tion d&rsquo;hu\u00eetres) et ses notes iod\u00e9es. Un must.<\/p>\n","protected":false},"featured_media":517,"comment_status":"open","ping_status":"closed","template":"","meta":[],"product_brand":[],"product_cat":[38,18,49,29,23],"product_tag":[],"class_list":{"0":"post-519","1":"product","2":"type-product","3":"status-publish","4":"has-post-thumbnail","6":"product_cat-mineral","7":"product_cat-non-classe","8":"product_cat-structure","9":"product_cat-vif-fraicheur","10":"product_cat-sec","12":"first","13":"instock","14":"taxable","15":"shipping-taxable","16":"purchasable","17":"product-type-simple"},"jetpack_sharing_enabled":true,"_links":{"self":[{"href":"https:\/\/www.escargotvino.com\/index.php?rest_route=\/wp\/v2\/product\/519","targetHints":{"allow":["GET"]}}],"collection":[{"href":"https:\/\/www.escargotvino.com\/index.php?rest_route=\/wp\/v2\/product"}],"about":[{"href":"https:\/\/www.escargotvino.com\/index.php?rest_route=\/wp\/v2\/types\/product"}],"replies":[{"embeddable":true,"href":"https:\/\/www.escargotvino.com\/index.php?rest_route=%2Fwp%2Fv2%2Fcomments&post=519"}],"wp:featuredmedia":[{"embeddable":true,"href":"https:\/\/www.escargotvino.com\/index.php?rest_route=\/wp\/v2\/media\/517"}],"wp:attachment":[{"href":"https:\/\/www.escargotvino.com\/index.php?rest_route=%2Fwp%2Fv2%2Fmedia&parent=519"}],"wp:term":[{"taxonomy":"product_brand","embeddable":true,"href":"https:\/\/www.escargotvino.com\/index.php?rest_route=%2Fwp%2Fv2%2Fproduct_brand&post=519"},{"taxonomy":"product_cat","embeddable":true,"href":"https:\/\/www.escargotvino.com\/index.php?rest_route=%2Fwp%2Fv2%2Fproduct_cat&post=519"},{"taxonomy":"product_tag","embeddable":true,"href":"https:\/\/www.escargotvino.com\/index.php?rest_route=%2Fwp%2Fv2%2Fproduct_tag&post=519"}],"curies":[{"name":"wp","href":"https:\/\/api.w.org\/{rel}","templated":true}]}}