{"id":512,"date":"2025-04-06T04:29:05","date_gmt":"2025-04-06T04:29:05","guid":{"rendered":"https:\/\/www.escargotvino.com\/?product=g-comme-nadia-lusseau"},"modified":"2025-04-06T04:29:05","modified_gmt":"2025-04-06T04:29:05","slug":"g-comme-nadia-lusseau","status":"publish","type":"product","link":"https:\/\/www.escargotvino.com\/?product=g-comme-nadia-lusseau","title":{"rendered":"G comme &#8230; Nadia Lusseau"},"content":{"rendered":"<p>Blanc nature avec une tr\u00e8s belle finition de texture ronde beurr\u00e9e et du fruit\u00e9 et de la fra\u00eecheur.<\/p>\n<p>Un sauvignon s\u00e9millon du Lot plein de promesses tenues.<\/p>\n","protected":false},"excerpt":{"rendered":"<p>Blanc nature avec une tr\u00e8s belle finition de texture ronde beurr\u00e9e et du fruit\u00e9 et de la fra\u00eecheur. Un sauvignon s\u00e9millon du Lot plein de promesses tenues.<\/p>\n","protected":false},"featured_media":509,"comment_status":"open","ping_status":"closed","template":"","meta":[],"product_brand":[],"product_cat":[34,40,36,41,24,22,23],"product_tag":[],"class_list":{"0":"post-512","1":"product","2":"type-product","3":"status-publish","4":"has-post-thumbnail","6":"product_cat-agrumes","7":"product_cat-aromatique","8":"product_cat-ecorces","9":"product_cat-fruite","10":"product_cat-beurre","11":"product_cat-blanc","12":"product_cat-sec","14":"first","15":"instock","16":"sale","17":"taxable","18":"shipping-taxable","19":"purchasable","20":"product-type-simple"},"jetpack_sharing_enabled":true,"_links":{"self":[{"href":"https:\/\/www.escargotvino.com\/index.php?rest_route=\/wp\/v2\/product\/512","targetHints":{"allow":["GET"]}}],"collection":[{"href":"https:\/\/www.escargotvino.com\/index.php?rest_route=\/wp\/v2\/product"}],"about":[{"href":"https:\/\/www.escargotvino.com\/index.php?rest_route=\/wp\/v2\/types\/product"}],"replies":[{"embeddable":true,"href":"https:\/\/www.escargotvino.com\/index.php?rest_route=%2Fwp%2Fv2%2Fcomments&post=512"}],"wp:featuredmedia":[{"embeddable":true,"href":"https:\/\/www.escargotvino.com\/index.php?rest_route=\/wp\/v2\/media\/509"}],"wp:attachment":[{"href":"https:\/\/www.escargotvino.com\/index.php?rest_route=%2Fwp%2Fv2%2Fmedia&parent=512"}],"wp:term":[{"taxonomy":"product_brand","embeddable":true,"href":"https:\/\/www.escargotvino.com\/index.php?rest_route=%2Fwp%2Fv2%2Fproduct_brand&post=512"},{"taxonomy":"product_cat","embeddable":true,"href":"https:\/\/www.escargotvino.com\/index.php?rest_route=%2Fwp%2Fv2%2Fproduct_cat&post=512"},{"taxonomy":"product_tag","embeddable":true,"href":"https:\/\/www.escargotvino.com\/index.php?rest_route=%2Fwp%2Fv2%2Fproduct_tag&post=512"}],"curies":[{"name":"wp","href":"https:\/\/api.w.org\/{rel}","templated":true}]}}