{"id":508,"date":"2025-04-06T04:06:01","date_gmt":"2025-04-06T04:06:01","guid":{"rendered":"https:\/\/www.escargotvino.com\/?product=skin-contact-blanc-macere-orange"},"modified":"2026-04-23T00:37:11","modified_gmt":"2026-04-23T00:37:11","slug":"skin-contact-blanc-macere-orange","status":"publish","type":"product","link":"https:\/\/www.escargotvino.com\/?product=skin-contact-blanc-macere-orange","title":{"rendered":"Skin contact &#8211; Blanc mac\u00e9r\u00e9 orange"},"content":{"rendered":"<p>Oeuvre de Fabien Jouves de Cahors. Un des vins orange* (mac\u00e9ration au lieu de pressurage direct qui fait les blancs sans tannins) les plus aboutis. du march\u00e9.<\/p>\n<p>D\u00e9gustation progressive en raison de la sensation tannique pour autant fruit\u00e9 et fra\u00eeche. Un verre anti glou glou pour tout le repas ? C&rsquo;est possible.<\/p>\n<p>C\u00e9pages du sud ouest : gros manseng, ugni blanc, muscat d&rsquo;alexandrie<\/p>\n","protected":false},"excerpt":{"rendered":"<p>Oeuvre de Fabien Jouves de Cahors. Un des vins orange* (mac\u00e9ration au lieu de pressurage direct qui fait les blancs sans tannins) les plus aboutis. du march\u00e9. D\u00e9gustation progressive en raison de la sensation tannique pour autant fruit\u00e9 et fra\u00eeche. Un verre anti glou glou pour tout le repas ? C&rsquo;est possible. C\u00e9pages du sud [&hellip;]<\/p>\n","protected":false},"featured_media":506,"comment_status":"open","ping_status":"closed","template":"","meta":[],"product_brand":[],"product_cat":[42,27,36,28,41,18,43,52,23],"product_tag":[],"class_list":{"0":"post-508","1":"product","2":"type-product","3":"status-publish","4":"has-post-thumbnail","6":"product_cat-corse","7":"product_cat-croquant","8":"product_cat-ecorces","9":"product_cat-floral","10":"product_cat-fruite","11":"product_cat-non-classe","12":"product_cat-tannique","13":"product_cat-vin-orange","14":"product_cat-sec","16":"first","17":"instock","18":"taxable","19":"shipping-taxable","20":"purchasable","21":"product-type-simple"},"jetpack_sharing_enabled":true,"_links":{"self":[{"href":"https:\/\/www.escargotvino.com\/index.php?rest_route=\/wp\/v2\/product\/508","targetHints":{"allow":["GET"]}}],"collection":[{"href":"https:\/\/www.escargotvino.com\/index.php?rest_route=\/wp\/v2\/product"}],"about":[{"href":"https:\/\/www.escargotvino.com\/index.php?rest_route=\/wp\/v2\/types\/product"}],"replies":[{"embeddable":true,"href":"https:\/\/www.escargotvino.com\/index.php?rest_route=%2Fwp%2Fv2%2Fcomments&post=508"}],"wp:featuredmedia":[{"embeddable":true,"href":"https:\/\/www.escargotvino.com\/index.php?rest_route=\/wp\/v2\/media\/506"}],"wp:attachment":[{"href":"https:\/\/www.escargotvino.com\/index.php?rest_route=%2Fwp%2Fv2%2Fmedia&parent=508"}],"wp:term":[{"taxonomy":"product_brand","embeddable":true,"href":"https:\/\/www.escargotvino.com\/index.php?rest_route=%2Fwp%2Fv2%2Fproduct_brand&post=508"},{"taxonomy":"product_cat","embeddable":true,"href":"https:\/\/www.escargotvino.com\/index.php?rest_route=%2Fwp%2Fv2%2Fproduct_cat&post=508"},{"taxonomy":"product_tag","embeddable":true,"href":"https:\/\/www.escargotvino.com\/index.php?rest_route=%2Fwp%2Fv2%2Fproduct_tag&post=508"}],"curies":[{"name":"wp","href":"https:\/\/api.w.org\/{rel}","templated":true}]}}