{"id":497,"date":"2025-04-05T04:39:19","date_gmt":"2025-04-05T04:39:19","guid":{"rendered":"https:\/\/www.escargotvino.com\/?product=mus-40-m-lies-maceration-de-chanvre"},"modified":"2025-04-15T10:44:57","modified_gmt":"2025-04-15T10:44:57","slug":"mus-40-m-lies-maceration-de-chanvre","status":"publish","type":"product","link":"https:\/\/www.escargotvino.com\/?product=mus-40-m-lies-maceration-de-chanvre","title":{"rendered":"Brume, Mus. Gabbros 40 mois +  chanvre s\u00e9lection."},"content":{"rendered":"<p>Une amicale cord\u00e9e qui exhume le Gondwana.<\/p>\n<p>Quand un ancien craft-brasseur retrouve son copain d&rsquo;enfance vigneron.<\/p>\n<p>Maxime ex Trompe Souris refa\u00e7onne les tr\u00e8s min\u00e9raux mus&rsquo; sur gabbros de Guillaume Messager vigneron. Retrouvaille de deux copains d&rsquo;enfance.<\/p>\n<p>La puissance d&rsquo;un mus&rsquo; tr\u00e8s min\u00e9ral est doubl\u00e9e par l&rsquo;herbac\u00e9 caract\u00e9ristique de la plante qui jadis \u00e9tait une plantation de d\u00e9fense maritime (voiles et cordes des vaisseaux du roi).<\/p>\n<p>Parmi plusieurs vari\u00e9t\u00e9s de chanvre d\u00e9nu\u00e9 de tout principe psychoactif Brume est la cuv\u00e9e la plus abordable.<\/p>\n<p>Promo exceptionnelle de ce Muscadet \u00e0 l&rsquo;\u00e9levage plus long que les crus communaux. Il fallait la puissance de pierre fum\u00e9e du gabbro rivaliser avec la saveur herbac\u00e9e.<\/p>\n<p>Le saviez-vous ?? La pierre verte  \u00ab\u00a0rubis* de la Sangu\u00e8ze\u00a0\u00bb est un de ces nodules ancestral du Gondwana ce primo continent terrestre qui affleure dans la faille du sillon Bretagne \/ Auvergne qui est entrouverte en S\u00e8vre et Maine.<\/p>\n<p>*le vrai rubis est rouge et non pas vert<\/p>\n","protected":false},"excerpt":{"rendered":"<p>Une amicale cord\u00e9e qui exhume le Gondwana. Quand un ancien craft-brasseur retrouve son copain d&rsquo;enfance vigneron. Maxime ex Trompe Souris refa\u00e7onne les tr\u00e8s min\u00e9raux mus&rsquo; sur gabbros de Guillaume Messager vigneron. Retrouvaille de deux copains d&rsquo;enfance. La puissance d&rsquo;un mus&rsquo; tr\u00e8s min\u00e9ral est doubl\u00e9e par l&rsquo;herbac\u00e9 caract\u00e9ristique de la plante qui jadis \u00e9tait une plantation [&hellip;]<\/p>\n","protected":false},"featured_media":495,"comment_status":"open","ping_status":"closed","template":"","meta":[],"product_brand":[],"product_cat":[18],"product_tag":[],"class_list":{"0":"post-497","1":"product","2":"type-product","3":"status-publish","4":"has-post-thumbnail","6":"product_cat-non-classe","8":"first","9":"instock","10":"sale","11":"taxable","12":"shipping-taxable","13":"purchasable","14":"product-type-simple"},"jetpack_sharing_enabled":true,"_links":{"self":[{"href":"https:\/\/www.escargotvino.com\/index.php?rest_route=\/wp\/v2\/product\/497","targetHints":{"allow":["GET"]}}],"collection":[{"href":"https:\/\/www.escargotvino.com\/index.php?rest_route=\/wp\/v2\/product"}],"about":[{"href":"https:\/\/www.escargotvino.com\/index.php?rest_route=\/wp\/v2\/types\/product"}],"replies":[{"embeddable":true,"href":"https:\/\/www.escargotvino.com\/index.php?rest_route=%2Fwp%2Fv2%2Fcomments&post=497"}],"wp:featuredmedia":[{"embeddable":true,"href":"https:\/\/www.escargotvino.com\/index.php?rest_route=\/wp\/v2\/media\/495"}],"wp:attachment":[{"href":"https:\/\/www.escargotvino.com\/index.php?rest_route=%2Fwp%2Fv2%2Fmedia&parent=497"}],"wp:term":[{"taxonomy":"product_brand","embeddable":true,"href":"https:\/\/www.escargotvino.com\/index.php?rest_route=%2Fwp%2Fv2%2Fproduct_brand&post=497"},{"taxonomy":"product_cat","embeddable":true,"href":"https:\/\/www.escargotvino.com\/index.php?rest_route=%2Fwp%2Fv2%2Fproduct_cat&post=497"},{"taxonomy":"product_tag","embeddable":true,"href":"https:\/\/www.escargotvino.com\/index.php?rest_route=%2Fwp%2Fv2%2Fproduct_tag&post=497"}],"curies":[{"name":"wp","href":"https:\/\/api.w.org\/{rel}","templated":true}]}}