{"id":477,"date":"2025-04-04T19:51:00","date_gmt":"2025-04-04T19:51:00","guid":{"rendered":"https:\/\/www.escargotvino.com\/?product=sans-queue-ni-tete-n3"},"modified":"2025-04-04T21:21:55","modified_gmt":"2025-04-04T21:21:55","slug":"sans-queue-ni-tete-n3","status":"publish","type":"product","link":"https:\/\/www.escargotvino.com\/?product=sans-queue-ni-tete-n3","title":{"rendered":"Sans queue ni t\u00eate n\u00b03"},"content":{"rendered":"<p>Eau de vie haut de gamme double distillation de raisin<\/p>\n<p>Alcool profond tr\u00e8s fondant<\/p>\n<p>43\u00b0 Grenache Syrah mac\u00e9r\u00e9 au geni\u00e8vre pour confondre les amateurs de gin<\/p>\n","protected":false},"excerpt":{"rendered":"<p>Eau de vie haut de gamme double distillation de raisin Alcool profond tr\u00e8s fondant 43\u00b0 Grenache Syrah mac\u00e9r\u00e9 au geni\u00e8vre pour confondre les amateurs de gin<\/p>\n","protected":false},"featured_media":476,"comment_status":"open","ping_status":"closed","template":"","meta":[],"product_brand":[],"product_cat":[36,18,48,30,23],"product_tag":[],"class_list":{"0":"post-477","1":"product","2":"type-product","3":"status-publish","4":"has-post-thumbnail","6":"product_cat-ecorces","7":"product_cat-non-classe","8":"product_cat-rond","9":"product_cat-souple","10":"product_cat-sec","12":"first","13":"instock","14":"sale","15":"sold-individually","16":"taxable","17":"shipping-taxable","18":"purchasable","19":"product-type-simple"},"jetpack_sharing_enabled":true,"_links":{"self":[{"href":"https:\/\/www.escargotvino.com\/index.php?rest_route=\/wp\/v2\/product\/477","targetHints":{"allow":["GET"]}}],"collection":[{"href":"https:\/\/www.escargotvino.com\/index.php?rest_route=\/wp\/v2\/product"}],"about":[{"href":"https:\/\/www.escargotvino.com\/index.php?rest_route=\/wp\/v2\/types\/product"}],"replies":[{"embeddable":true,"href":"https:\/\/www.escargotvino.com\/index.php?rest_route=%2Fwp%2Fv2%2Fcomments&post=477"}],"wp:featuredmedia":[{"embeddable":true,"href":"https:\/\/www.escargotvino.com\/index.php?rest_route=\/wp\/v2\/media\/476"}],"wp:attachment":[{"href":"https:\/\/www.escargotvino.com\/index.php?rest_route=%2Fwp%2Fv2%2Fmedia&parent=477"}],"wp:term":[{"taxonomy":"product_brand","embeddable":true,"href":"https:\/\/www.escargotvino.com\/index.php?rest_route=%2Fwp%2Fv2%2Fproduct_brand&post=477"},{"taxonomy":"product_cat","embeddable":true,"href":"https:\/\/www.escargotvino.com\/index.php?rest_route=%2Fwp%2Fv2%2Fproduct_cat&post=477"},{"taxonomy":"product_tag","embeddable":true,"href":"https:\/\/www.escargotvino.com\/index.php?rest_route=%2Fwp%2Fv2%2Fproduct_tag&post=477"}],"curies":[{"name":"wp","href":"https:\/\/api.w.org\/{rel}","templated":true}]}}