{"id":411,"date":"2025-03-24T13:58:35","date_gmt":"2025-03-24T13:58:35","guid":{"rendered":"https:\/\/www.escargotvino.com\/?post_type=product&#038;p=411"},"modified":"2025-06-05T14:02:02","modified_gmt":"2025-06-05T14:02:02","slug":"411","status":"publish","type":"product","link":"https:\/\/www.escargotvino.com\/?product=411","title":{"rendered":"Chardonnay sec floral beurr\u00e9 &#8211; bio local Vallet"},"content":{"rendered":"<p><img decoding=\"async\" class=\"alignnone size-medium wp-image-357\" src=\"https:\/\/www.escargotvino.com\/wp-content\/uploads\/2025\/03\/IMG_20241213_120409_1-225x300.jpg\" alt=\"\" width=\"225\" height=\"300\" srcset=\"https:\/\/www.escargotvino.com\/wp-content\/uploads\/2025\/03\/IMG_20241213_120409_1-225x300.jpg 225w, https:\/\/www.escargotvino.com\/wp-content\/uploads\/2025\/03\/IMG_20241213_120409_1-768x1024.jpg 768w, https:\/\/www.escargotvino.com\/wp-content\/uploads\/2025\/03\/IMG_20241213_120409_1-1152x1536.jpg 1152w, https:\/\/www.escargotvino.com\/wp-content\/uploads\/2025\/03\/IMG_20241213_120409_1-1536x2048.jpg 1536w, https:\/\/www.escargotvino.com\/wp-content\/uploads\/2025\/03\/IMG_20241213_120409_1-scaled.jpg 600w\" sizes=\"(max-width: 225px) 100vw, 225px\" \/><img decoding=\"async\" class=\"alignnone size-medium wp-image-356\" src=\"https:\/\/www.escargotvino.com\/wp-content\/uploads\/2025\/03\/IMG_20241213_120405-225x300.jpg\" alt=\"Chardonnay beurr\u00e9 sec floral camomille Nantes \" width=\"225\" height=\"300\" srcset=\"https:\/\/www.escargotvino.com\/wp-content\/uploads\/2025\/03\/IMG_20241213_120405-225x300.jpg 225w, https:\/\/www.escargotvino.com\/wp-content\/uploads\/2025\/03\/IMG_20241213_120405-768x1024.jpg 768w, https:\/\/www.escargotvino.com\/wp-content\/uploads\/2025\/03\/IMG_20241213_120405-1152x1536.jpg 1152w, https:\/\/www.escargotvino.com\/wp-content\/uploads\/2025\/03\/IMG_20241213_120405-1536x2048.jpg 1536w, https:\/\/www.escargotvino.com\/wp-content\/uploads\/2025\/03\/IMG_20241213_120405-scaled.jpg 600w\" sizes=\"(max-width: 225px) 100vw, 225px\" \/><\/p>\n<p><img decoding=\"async\" class=\"size-medium wp-image-155\" src=\"https:\/\/www.escargotvino.com\/wp-content\/uploads\/2025\/03\/20230723_125047-300x300.jpg\" alt=\"Chardonnay sec floral beurr\u00e9 Vallet Nantes\" width=\"300\" height=\"300\" srcset=\"https:\/\/www.escargotvino.com\/wp-content\/uploads\/2025\/03\/20230723_125047-300x300.jpg 300w, https:\/\/www.escargotvino.com\/wp-content\/uploads\/2025\/03\/20230723_125047-rotated-100x100.jpg 100w, https:\/\/www.escargotvino.com\/wp-content\/uploads\/2025\/03\/20230723_125047-rotated-600x600.jpg 600w, https:\/\/www.escargotvino.com\/wp-content\/uploads\/2025\/03\/20230723_125047-1024x1024.jpg 1024w, https:\/\/www.escargotvino.com\/wp-content\/uploads\/2025\/03\/20230723_125047-150x150.jpg 150w, https:\/\/www.escargotvino.com\/wp-content\/uploads\/2025\/03\/20230723_125047-768x768.jpg 768w, https:\/\/www.escargotvino.com\/wp-content\/uploads\/2025\/03\/20230723_125047-1536x1536.jpg 1536w, https:\/\/www.escargotvino.com\/wp-content\/uploads\/2025\/03\/20230723_125047-2048x2048.jpg 2048w, https:\/\/www.escargotvino.com\/wp-content\/uploads\/2025\/03\/20230723_125047-rotated.jpg 800w\" sizes=\"(max-width: 300px) 100vw, 300px\" \/><\/p>\n","protected":false},"excerpt":{"rendered":"<p>Chardonnay sec, floral et beurr\u00e9 cultiv\u00e9 \u00e0 Vallet Nord (Bonnefontaine) en bio par Romain Petiteau. Elevage sur lies de 10 mois qui lui conf\u00e8re un gras agr\u00e9able. Vin sec discret et fin qui passe partout en ouverture et plats l\u00e9gers ou peu marqu\u00e9s : ap\u00e9ritif, fromages l\u00e9gers, tartinables, volaille blanche, poisson blanc \u00e0 chair brillante type lotte ou calmar.<\/p>\n","protected":false},"featured_media":650,"comment_status":"open","ping_status":"closed","template":"","meta":[],"product_brand":[19],"product_cat":[24,22,23],"product_tag":[25],"class_list":{"0":"post-411","1":"product","2":"type-product","3":"status-publish","4":"has-post-thumbnail","6":"product_brand-vinrougenantes","7":"product_cat-beurre","8":"product_cat-blanc","9":"product_cat-sec","10":"product_tag-floral","12":"first","13":"instock","14":"sale","15":"taxable","16":"shipping-taxable","17":"purchasable","18":"product-type-simple"},"jetpack_sharing_enabled":true,"_links":{"self":[{"href":"https:\/\/www.escargotvino.com\/index.php?rest_route=\/wp\/v2\/product\/411","targetHints":{"allow":["GET"]}}],"collection":[{"href":"https:\/\/www.escargotvino.com\/index.php?rest_route=\/wp\/v2\/product"}],"about":[{"href":"https:\/\/www.escargotvino.com\/index.php?rest_route=\/wp\/v2\/types\/product"}],"replies":[{"embeddable":true,"href":"https:\/\/www.escargotvino.com\/index.php?rest_route=%2Fwp%2Fv2%2Fcomments&post=411"}],"wp:featuredmedia":[{"embeddable":true,"href":"https:\/\/www.escargotvino.com\/index.php?rest_route=\/wp\/v2\/media\/650"}],"wp:attachment":[{"href":"https:\/\/www.escargotvino.com\/index.php?rest_route=%2Fwp%2Fv2%2Fmedia&parent=411"}],"wp:term":[{"taxonomy":"product_brand","embeddable":true,"href":"https:\/\/www.escargotvino.com\/index.php?rest_route=%2Fwp%2Fv2%2Fproduct_brand&post=411"},{"taxonomy":"product_cat","embeddable":true,"href":"https:\/\/www.escargotvino.com\/index.php?rest_route=%2Fwp%2Fv2%2Fproduct_cat&post=411"},{"taxonomy":"product_tag","embeddable":true,"href":"https:\/\/www.escargotvino.com\/index.php?rest_route=%2Fwp%2Fv2%2Fproduct_tag&post=411"}],"curies":[{"name":"wp","href":"https:\/\/api.w.org\/{rel}","templated":true}]}}