{"id":131,"date":"2025-03-04T10:24:27","date_gmt":"2025-03-04T10:24:27","guid":{"rendered":"https:\/\/www.escargotvino.com\/?product=colombard-bio-marie-blanc-vif-aromatique-et-frais"},"modified":"2025-04-04T02:29:25","modified_gmt":"2025-04-04T02:29:25","slug":"colombard-bio-marie-blanc-vif-aromatique-et-frais","status":"publish","type":"product","link":"https:\/\/www.escargotvino.com\/?product=colombard-bio-marie-blanc-vif-aromatique-et-frais","title":{"rendered":"Colombard bio MARIE &#8211; blanc vif, ar\u00f4matique et frais"},"content":{"rendered":"<p>Coquillages, poissons, ap\u00e9ros d\u00eenatoires<\/p>\n","protected":false},"excerpt":{"rendered":"<p>Coquillages, poissons, ap\u00e9ros d\u00eenatoires<\/p>\n","protected":false},"featured_media":455,"comment_status":"open","ping_status":"closed","template":"","meta":[],"product_brand":[],"product_cat":[34,18,29,22,23],"product_tag":[],"class_list":{"0":"post-131","1":"product","2":"type-product","3":"status-publish","4":"has-post-thumbnail","6":"product_cat-agrumes","7":"product_cat-non-classe","8":"product_cat-vif-fraicheur","9":"product_cat-blanc","10":"product_cat-sec","12":"first","13":"instock","14":"sale","15":"taxable","16":"shipping-taxable","17":"purchasable","18":"product-type-simple"},"jetpack_sharing_enabled":true,"_links":{"self":[{"href":"https:\/\/www.escargotvino.com\/index.php?rest_route=\/wp\/v2\/product\/131","targetHints":{"allow":["GET"]}}],"collection":[{"href":"https:\/\/www.escargotvino.com\/index.php?rest_route=\/wp\/v2\/product"}],"about":[{"href":"https:\/\/www.escargotvino.com\/index.php?rest_route=\/wp\/v2\/types\/product"}],"replies":[{"embeddable":true,"href":"https:\/\/www.escargotvino.com\/index.php?rest_route=%2Fwp%2Fv2%2Fcomments&post=131"}],"wp:featuredmedia":[{"embeddable":true,"href":"https:\/\/www.escargotvino.com\/index.php?rest_route=\/wp\/v2\/media\/455"}],"wp:attachment":[{"href":"https:\/\/www.escargotvino.com\/index.php?rest_route=%2Fwp%2Fv2%2Fmedia&parent=131"}],"wp:term":[{"taxonomy":"product_brand","embeddable":true,"href":"https:\/\/www.escargotvino.com\/index.php?rest_route=%2Fwp%2Fv2%2Fproduct_brand&post=131"},{"taxonomy":"product_cat","embeddable":true,"href":"https:\/\/www.escargotvino.com\/index.php?rest_route=%2Fwp%2Fv2%2Fproduct_cat&post=131"},{"taxonomy":"product_tag","embeddable":true,"href":"https:\/\/www.escargotvino.com\/index.php?rest_route=%2Fwp%2Fv2%2Fproduct_tag&post=131"}],"curies":[{"name":"wp","href":"https:\/\/api.w.org\/{rel}","templated":true}]}}