{"id":130,"date":"2025-03-04T10:24:27","date_gmt":"2025-03-04T10:24:27","guid":{"rendered":"https:\/\/www.escargotvino.com\/?product=quincy-bio-sauvignon"},"modified":"2025-04-04T16:49:19","modified_gmt":"2025-04-04T16:49:19","slug":"quincy-bio-sauvignon","status":"publish","type":"product","link":"https:\/\/www.escargotvino.com\/?product=quincy-bio-sauvignon","title":{"rendered":"QUINCY bio sauvignon"},"content":{"rendered":"<p>L&rsquo;as des as de l&rsquo;ar\u00f4matique du sauvignon. Cuv\u00e9e provenant d&rsquo;un des rares domaines bio de l&rsquo;AOP Quincy. Ce vignoble d&rsquo;un coude du Cher (sable, calcaire, micro-climat) proche de Bourges exalte l&rsquo;ar\u00f4matique c\u00e9page sauvignon comme aucun autre. Buis frais tr\u00e8s droit et digeste.<\/p>\n","protected":false},"excerpt":{"rendered":"<p>L&rsquo;as des as de l&rsquo;ar\u00f4matique du sauvignon. Cuv\u00e9e provenant d&rsquo;un des rares domaines bio de l&rsquo;AOP Quincy. Ce vignoble d&rsquo;un coude du Cher (sable, calcaire, micro-climat) proche de Bourges exalte l&rsquo;ar\u00f4matique c\u00e9page sauvignon comme aucun autre. Buis frais tr\u00e8s droit et digeste.<\/p>\n","protected":false},"featured_media":470,"comment_status":"open","ping_status":"closed","template":"","meta":[],"product_brand":[],"product_cat":[40,46,36,41,18,48,29,22,23],"product_tag":[],"class_list":{"0":"post-130","1":"product","2":"type-product","3":"status-publish","4":"has-post-thumbnail","6":"product_cat-aromatique","7":"product_cat-buis","8":"product_cat-ecorces","9":"product_cat-fruite","10":"product_cat-non-classe","11":"product_cat-rond","12":"product_cat-vif-fraicheur","13":"product_cat-blanc","14":"product_cat-sec","16":"first","17":"instock","18":"sale","19":"taxable","20":"shipping-taxable","21":"purchasable","22":"product-type-simple"},"jetpack_sharing_enabled":true,"_links":{"self":[{"href":"https:\/\/www.escargotvino.com\/index.php?rest_route=\/wp\/v2\/product\/130","targetHints":{"allow":["GET"]}}],"collection":[{"href":"https:\/\/www.escargotvino.com\/index.php?rest_route=\/wp\/v2\/product"}],"about":[{"href":"https:\/\/www.escargotvino.com\/index.php?rest_route=\/wp\/v2\/types\/product"}],"replies":[{"embeddable":true,"href":"https:\/\/www.escargotvino.com\/index.php?rest_route=%2Fwp%2Fv2%2Fcomments&post=130"}],"wp:featuredmedia":[{"embeddable":true,"href":"https:\/\/www.escargotvino.com\/index.php?rest_route=\/wp\/v2\/media\/470"}],"wp:attachment":[{"href":"https:\/\/www.escargotvino.com\/index.php?rest_route=%2Fwp%2Fv2%2Fmedia&parent=130"}],"wp:term":[{"taxonomy":"product_brand","embeddable":true,"href":"https:\/\/www.escargotvino.com\/index.php?rest_route=%2Fwp%2Fv2%2Fproduct_brand&post=130"},{"taxonomy":"product_cat","embeddable":true,"href":"https:\/\/www.escargotvino.com\/index.php?rest_route=%2Fwp%2Fv2%2Fproduct_cat&post=130"},{"taxonomy":"product_tag","embeddable":true,"href":"https:\/\/www.escargotvino.com\/index.php?rest_route=%2Fwp%2Fv2%2Fproduct_tag&post=130"}],"curies":[{"name":"wp","href":"https:\/\/api.w.org\/{rel}","templated":true}]}}