{"id":126,"date":"2025-03-04T10:24:27","date_gmt":"2025-03-04T10:24:27","guid":{"rendered":"https:\/\/www.escargotvino.com\/?product=bulle-de-craie-brut-nature-100-chenin-biodynamie"},"modified":"2025-04-04T02:10:57","modified_gmt":"2025-04-04T02:10:57","slug":"bulle-de-craie-brut-nature-100-chenin-biodynamie","status":"publish","type":"product","link":"https:\/\/www.escargotvino.com\/?product=bulle-de-craie-brut-nature-100-chenin-biodynamie","title":{"rendered":"Bulle de craie, brut nature, 100% chenin &#8211; biodynamie"},"content":{"rendered":"<p>Une finition tr\u00e8s classique &#8211; fine bulle, sec, droit, beurr\u00e9 &#8211; qui vient challenger les Champagne avec un sous sol de craie de Brissac en Anjou blanc. Le chenin sec y affirme sa tension et ses discr\u00e8tes fleurs blanches avec un petit beurr\u00e9 qui tapisse et amplifie le milieu de bouche. La fermentation se fait en bouteille sur les sucres r\u00e9siduels (brut non dos\u00e9) 16 mois pour cette cuv\u00e9e qui de plus est nature sans soufre issue d&rsquo;un vignoble en biodynamie. Une valeur authentique avec une petite finale de quinine r\u00e9frig\u00e9r\u00e9e qui indique un terroir de craie et tuffeau singulier de ces coteaux sud Loire entre Angers et Saumur.<\/p>\n","protected":false},"excerpt":{"rendered":"<p>Une finition tr\u00e8s classique &#8211; fine bulle, sec, droit, beurr\u00e9 &#8211; qui vient challenger les Champagne avec un sous sol de craie de Brissac en Anjou blanc. Le chenin sec y affirme sa tension et ses discr\u00e8tes fleurs blanches avec un petit beurr\u00e9 qui tapisse et amplifie le milieu de bouche. La fermentation se fait [&hellip;]<\/p>\n","protected":false},"featured_media":390,"comment_status":"open","ping_status":"closed","template":"","meta":[],"product_brand":[],"product_cat":[18],"product_tag":[],"class_list":{"0":"post-126","1":"product","2":"type-product","3":"status-publish","4":"has-post-thumbnail","6":"product_cat-non-classe","8":"first","9":"instock","10":"sale","11":"sold-individually","12":"taxable","13":"shipping-taxable","14":"purchasable","15":"product-type-simple"},"jetpack_sharing_enabled":true,"_links":{"self":[{"href":"https:\/\/www.escargotvino.com\/index.php?rest_route=\/wp\/v2\/product\/126","targetHints":{"allow":["GET"]}}],"collection":[{"href":"https:\/\/www.escargotvino.com\/index.php?rest_route=\/wp\/v2\/product"}],"about":[{"href":"https:\/\/www.escargotvino.com\/index.php?rest_route=\/wp\/v2\/types\/product"}],"replies":[{"embeddable":true,"href":"https:\/\/www.escargotvino.com\/index.php?rest_route=%2Fwp%2Fv2%2Fcomments&post=126"}],"wp:featuredmedia":[{"embeddable":true,"href":"https:\/\/www.escargotvino.com\/index.php?rest_route=\/wp\/v2\/media\/390"}],"wp:attachment":[{"href":"https:\/\/www.escargotvino.com\/index.php?rest_route=%2Fwp%2Fv2%2Fmedia&parent=126"}],"wp:term":[{"taxonomy":"product_brand","embeddable":true,"href":"https:\/\/www.escargotvino.com\/index.php?rest_route=%2Fwp%2Fv2%2Fproduct_brand&post=126"},{"taxonomy":"product_cat","embeddable":true,"href":"https:\/\/www.escargotvino.com\/index.php?rest_route=%2Fwp%2Fv2%2Fproduct_cat&post=126"},{"taxonomy":"product_tag","embeddable":true,"href":"https:\/\/www.escargotvino.com\/index.php?rest_route=%2Fwp%2Fv2%2Fproduct_tag&post=126"}],"curies":[{"name":"wp","href":"https:\/\/api.w.org\/{rel}","templated":true}]}}