{"id":125,"date":"2025-03-04T10:24:27","date_gmt":"2025-03-04T10:24:27","guid":{"rendered":"https:\/\/www.escargotvino.com\/?product=coteaux-du-layon-bio-chenin-moelleux-acidule"},"modified":"2025-04-04T21:30:24","modified_gmt":"2025-04-04T21:30:24","slug":"coteaux-du-layon-bio-chenin-moelleux-acidule","status":"publish","type":"product","link":"https:\/\/www.escargotvino.com\/?product=coteaux-du-layon-bio-chenin-moelleux-acidule","title":{"rendered":"Coteaux du Layon Bio &#8211; chenin moelleux acidul\u00e9"},"content":{"rendered":"<p>Origine Bellevigne-en-Layon. Chenin moelleux obtenu par dess\u00e8chement du raisin et concentration des sucres (botrytis\u00e9 et passerill\u00e9) qui conserve de l&rsquo;acidit\u00e9.<\/p>\n","protected":false},"excerpt":{"rendered":"<p>Origine Bellevigne-en-Layon. Chenin moelleux obtenu par dess\u00e8chement du raisin et concentration des sucres (botrytis\u00e9 et passerill\u00e9) qui conserve de l&rsquo;acidit\u00e9.<\/p>\n","protected":false},"featured_media":478,"comment_status":"open","ping_status":"closed","template":"","meta":[],"product_brand":[],"product_cat":[18],"product_tag":[],"class_list":{"0":"post-125","1":"product","2":"type-product","3":"status-publish","4":"has-post-thumbnail","6":"product_cat-non-classe","8":"first","9":"instock","10":"sale","11":"taxable","12":"shipping-taxable","13":"purchasable","14":"product-type-simple"},"jetpack_sharing_enabled":true,"_links":{"self":[{"href":"https:\/\/www.escargotvino.com\/index.php?rest_route=\/wp\/v2\/product\/125","targetHints":{"allow":["GET"]}}],"collection":[{"href":"https:\/\/www.escargotvino.com\/index.php?rest_route=\/wp\/v2\/product"}],"about":[{"href":"https:\/\/www.escargotvino.com\/index.php?rest_route=\/wp\/v2\/types\/product"}],"replies":[{"embeddable":true,"href":"https:\/\/www.escargotvino.com\/index.php?rest_route=%2Fwp%2Fv2%2Fcomments&post=125"}],"wp:featuredmedia":[{"embeddable":true,"href":"https:\/\/www.escargotvino.com\/index.php?rest_route=\/wp\/v2\/media\/478"}],"wp:attachment":[{"href":"https:\/\/www.escargotvino.com\/index.php?rest_route=%2Fwp%2Fv2%2Fmedia&parent=125"}],"wp:term":[{"taxonomy":"product_brand","embeddable":true,"href":"https:\/\/www.escargotvino.com\/index.php?rest_route=%2Fwp%2Fv2%2Fproduct_brand&post=125"},{"taxonomy":"product_cat","embeddable":true,"href":"https:\/\/www.escargotvino.com\/index.php?rest_route=%2Fwp%2Fv2%2Fproduct_cat&post=125"},{"taxonomy":"product_tag","embeddable":true,"href":"https:\/\/www.escargotvino.com\/index.php?rest_route=%2Fwp%2Fv2%2Fproduct_tag&post=125"}],"curies":[{"name":"wp","href":"https:\/\/api.w.org\/{rel}","templated":true}]}}